{"id":57330,"date":"2021-08-03T16:17:06","date_gmt":"2021-08-03T14:17:06","guid":{"rendered":"https:\/\/kids.optimasys.dev\/product\/set-papeleria-paw-patrol\/"},"modified":"2022-02-24T11:30:49","modified_gmt":"2022-02-24T10:30:49","slug":"set-papeleria-paw-patrol","status":"publish","type":"product","link":"https:\/\/gameplan.es\/es\/producto\/set-papeleria-paw-patrol\/","title":{"rendered":"SET PAPELERIA PAW PATROL"},"content":{"rendered":"","protected":false},"excerpt":{"rendered":"<p>Deja que los m\u00e1s peque\u00f1os de la casa se adentren en su propio mundo creativo con el kit de papeler\u00eda definitivo de Paw Patrol. El kit incluye m\u00e1s de 10 piezas esenciales para empezar:<\/p>\n<p>El juego incluye:<\/p>\n<ul>\n<li>1 x Cuaderno A4 forrado en espiral<\/li>\n<li>1 x Cuaderno peque\u00f1o forrado<\/li>\n<li>1 x Estuche met\u00e1lico<\/li>\n<li>1 x Regla<\/li>\n<li>1 x Goma de borrar<\/li>\n<li>1 x Sacapuntas<\/li>\n<li>1 x Bol\u00edgrafo<\/li>\n<li>6 x L\u00e1pices de colores<\/li>\n<\/ul>\n<p>El estuche met\u00e1lico har\u00e1 un trabajo perfecto para mantener todas las piezas<br \/>de papeler\u00eda a salvo de cualquier derrame de l\u00edquido.&nbsp;<\/p>\n<p>ADVERTENCIA* Cuidado con las piezas peque\u00f1as. Peligro de<br \/>asfixia.&nbsp;<\/p>\n<p><\/p>\n<p>Referencia: PW19723<\/p>\n","protected":false},"featured_media":8100,"comment_status":"open","ping_status":"closed","template":"","meta":{"ocean_post_layout":"","ocean_both_sidebars_style":"","ocean_both_sidebars_content_width":0,"ocean_both_sidebars_sidebars_width":0,"ocean_sidebar":"","ocean_second_sidebar":"","ocean_disable_margins":"enable","ocean_add_body_class":"","ocean_shortcode_before_top_bar":"","ocean_shortcode_after_top_bar":"","ocean_shortcode_before_header":"","ocean_shortcode_after_header":"","ocean_has_shortcode":"","ocean_shortcode_after_title":"","ocean_shortcode_before_footer_widgets":"","ocean_shortcode_after_footer_widgets":"","ocean_shortcode_before_footer_bottom":"","ocean_shortcode_after_footer_bottom":"","ocean_display_top_bar":"default","ocean_display_header":"default","ocean_header_style":"","ocean_center_header_left_menu":"","ocean_custom_header_template":"","ocean_custom_logo":0,"ocean_custom_retina_logo":0,"ocean_custom_logo_max_width":0,"ocean_custom_logo_tablet_max_width":0,"ocean_custom_logo_mobile_max_width":0,"ocean_custom_logo_max_height":0,"ocean_custom_logo_tablet_max_height":0,"ocean_custom_logo_mobile_max_height":0,"ocean_header_custom_menu":"","ocean_menu_typo_font_family":"","ocean_menu_typo_font_subset":"","ocean_menu_typo_font_size":0,"ocean_menu_typo_font_size_tablet":0,"ocean_menu_typo_font_size_mobile":0,"ocean_menu_typo_font_size_unit":"px","ocean_menu_typo_font_weight":"","ocean_menu_typo_font_weight_tablet":"","ocean_menu_typo_font_weight_mobile":"","ocean_menu_typo_transform":"","ocean_menu_typo_transform_tablet":"","ocean_menu_typo_transform_mobile":"","ocean_menu_typo_line_height":0,"ocean_menu_typo_line_height_tablet":0,"ocean_menu_typo_line_height_mobile":0,"ocean_menu_typo_line_height_unit":"","ocean_menu_typo_spacing":0,"ocean_menu_typo_spacing_tablet":0,"ocean_menu_typo_spacing_mobile":0,"ocean_menu_typo_spacing_unit":"","ocean_menu_link_color":"","ocean_menu_link_color_hover":"","ocean_menu_link_color_active":"","ocean_menu_link_background":"","ocean_menu_link_hover_background":"","ocean_menu_link_active_background":"","ocean_menu_social_links_bg":"","ocean_menu_social_hover_links_bg":"","ocean_menu_social_links_color":"","ocean_menu_social_hover_links_color":"","ocean_disable_title":"default","ocean_disable_heading":"default","ocean_post_title":"","ocean_post_subheading":"","ocean_post_title_style":"","ocean_post_title_background_color":"","ocean_post_title_background":0,"ocean_post_title_bg_image_position":"","ocean_post_title_bg_image_attachment":"","ocean_post_title_bg_image_repeat":"","ocean_post_title_bg_image_size":"","ocean_post_title_height":0,"ocean_post_title_bg_overlay":0.5,"ocean_post_title_bg_overlay_color":"","ocean_disable_breadcrumbs":"default","ocean_breadcrumbs_color":"","ocean_breadcrumbs_separator_color":"","ocean_breadcrumbs_links_color":"","ocean_breadcrumbs_links_hover_color":"","ocean_display_footer_widgets":"default","ocean_display_footer_bottom":"default","ocean_custom_footer_template":""},"product_cat":[947,976],"product_tag":[225],"class_list":{"0":"post-57330","1":"product","2":"type-product","3":"status-publish","4":"has-post-thumbnail","5":"hentry","6":"product_cat-stationery-es","7":"product_cat-stationery-sets-es","8":"product_tag-paw-patrol-es","9":"pa_season-novelties-es","11":"entry","12":"has-media","13":"owp-thumbs-layout-horizontal","14":"owp-btn-normal","15":"owp-tabs-layout-horizontal","16":"has-product-nav"},"_links":{"self":[{"href":"https:\/\/gameplan.es\/es\/wp-json\/wp\/v2\/product\/57330","targetHints":{"allow":["GET"]}}],"collection":[{"href":"https:\/\/gameplan.es\/es\/wp-json\/wp\/v2\/product"}],"about":[{"href":"https:\/\/gameplan.es\/es\/wp-json\/wp\/v2\/types\/product"}],"replies":[{"embeddable":true,"href":"https:\/\/gameplan.es\/es\/wp-json\/wp\/v2\/comments?post=57330"}],"version-history":[{"count":2,"href":"https:\/\/gameplan.es\/es\/wp-json\/wp\/v2\/product\/57330\/revisions"}],"predecessor-version":[{"id":58295,"href":"https:\/\/gameplan.es\/es\/wp-json\/wp\/v2\/product\/57330\/revisions\/58295"}],"wp:featuredmedia":[{"embeddable":true,"href":"https:\/\/gameplan.es\/es\/wp-json\/wp\/v2\/media\/8100"}],"wp:attachment":[{"href":"https:\/\/gameplan.es\/es\/wp-json\/wp\/v2\/media?parent=57330"}],"wp:term":[{"taxonomy":"product_cat","embeddable":true,"href":"https:\/\/gameplan.es\/es\/wp-json\/wp\/v2\/product_cat?post=57330"},{"taxonomy":"product_tag","embeddable":true,"href":"https:\/\/gameplan.es\/es\/wp-json\/wp\/v2\/product_tag?post=57330"}],"curies":[{"name":"wp","href":"https:\/\/api.w.org\/{rel}","templated":true}]}}