{"id":57304,"date":"2021-08-03T16:17:08","date_gmt":"2021-08-03T14:17:08","guid":{"rendered":"https:\/\/kids.optimasys.dev\/product\/game-watch-paw-patrol\/"},"modified":"2022-02-24T10:20:45","modified_gmt":"2022-02-24T09:20:45","slug":"game-watch-paw-patrol","status":"publish","type":"product","link":"https:\/\/gameplan.es\/es\/producto\/game-watch-paw-patrol\/","title":{"rendered":"RELOJ INTELIGENTE PAW PATROL"},"content":{"rendered":"","protected":false},"excerpt":{"rendered":"<p>Equ\u00edpate con la \u00faltima tendencia del mercado en relojes! Este reloj inteligente multifuncional es el accesorio perfecto para ni\u00f1os de 4 a 6 a\u00f1os listos para aprender y divertirse en el proceso!<\/p>\n<p>El reloj inteligente tiene m\u00e1s de 12 funciones pr\u00e1cticas creativas y educativas para lograr una experiencia completa.<\/p>\n<p>Funciones Pr\u00e1cticas:<\/p>\n<ul>\n<li>Antorcha<\/li>\n<li>Calendario<\/li>\n<li>Alarma y Cron\u00f3metro<\/li>\n<li>Rastreador de pasos<\/li>\n<\/ul>\n<p>Funciones Creativas:<\/p>\n<ul>\n<li>Tomar fotos y v\u00eddeos<\/li>\n<li>Galer\u00eda de v\u00eddeos e im\u00e1genes<\/li>\n<li>Grabaciones de voz<\/li>\n<li>Reproductor M\u00fasica MP3 Funciones Educacionales<\/li>\n<li>Juegos- Aprende Las Horas<\/li>\n<li>Calculadora<\/li>\n<li>Idiomas: Ingl\u00e9s\/Espa\u00f1ol\/Franc\u00e9s\/Portugu\u00e9s\/Italiano\/Alem\u00e1n<\/li>\n<\/ul>\n<p><br data-mce-bogus=\"1\"><\/p>\n<p>Referencia: PW19836<\/p>\n","protected":false},"featured_media":8388,"comment_status":"open","ping_status":"closed","template":"","meta":{"ocean_post_layout":"","ocean_both_sidebars_style":"","ocean_both_sidebars_content_width":0,"ocean_both_sidebars_sidebars_width":0,"ocean_sidebar":"","ocean_second_sidebar":"","ocean_disable_margins":"","ocean_add_body_class":"","ocean_shortcode_before_top_bar":"","ocean_shortcode_after_top_bar":"","ocean_shortcode_before_header":"","ocean_shortcode_after_header":"","ocean_has_shortcode":"","ocean_shortcode_after_title":"","ocean_shortcode_before_footer_widgets":"","ocean_shortcode_after_footer_widgets":"","ocean_shortcode_before_footer_bottom":"","ocean_shortcode_after_footer_bottom":"","ocean_display_top_bar":"","ocean_display_header":"","ocean_header_style":"","ocean_center_header_left_menu":"","ocean_custom_header_template":"","ocean_custom_logo":0,"ocean_custom_retina_logo":0,"ocean_custom_logo_max_width":0,"ocean_custom_logo_tablet_max_width":0,"ocean_custom_logo_mobile_max_width":0,"ocean_custom_logo_max_height":0,"ocean_custom_logo_tablet_max_height":0,"ocean_custom_logo_mobile_max_height":0,"ocean_header_custom_menu":"","ocean_menu_typo_font_family":"","ocean_menu_typo_font_subset":"","ocean_menu_typo_font_size":0,"ocean_menu_typo_font_size_tablet":0,"ocean_menu_typo_font_size_mobile":0,"ocean_menu_typo_font_size_unit":"px","ocean_menu_typo_font_weight":"","ocean_menu_typo_font_weight_tablet":"","ocean_menu_typo_font_weight_mobile":"","ocean_menu_typo_transform":"","ocean_menu_typo_transform_tablet":"","ocean_menu_typo_transform_mobile":"","ocean_menu_typo_line_height":0,"ocean_menu_typo_line_height_tablet":0,"ocean_menu_typo_line_height_mobile":0,"ocean_menu_typo_line_height_unit":"","ocean_menu_typo_spacing":0,"ocean_menu_typo_spacing_tablet":0,"ocean_menu_typo_spacing_mobile":0,"ocean_menu_typo_spacing_unit":"","ocean_menu_link_color":"","ocean_menu_link_color_hover":"","ocean_menu_link_color_active":"","ocean_menu_link_background":"","ocean_menu_link_hover_background":"","ocean_menu_link_active_background":"","ocean_menu_social_links_bg":"","ocean_menu_social_hover_links_bg":"","ocean_menu_social_links_color":"","ocean_menu_social_hover_links_color":"","ocean_disable_title":"","ocean_disable_heading":"","ocean_post_title":"","ocean_post_subheading":"","ocean_post_title_style":"","ocean_post_title_background_color":"","ocean_post_title_background":0,"ocean_post_title_bg_image_position":"","ocean_post_title_bg_image_attachment":"","ocean_post_title_bg_image_repeat":"","ocean_post_title_bg_image_size":"","ocean_post_title_height":0,"ocean_post_title_bg_overlay":0.5,"ocean_post_title_bg_overlay_color":"","ocean_disable_breadcrumbs":"","ocean_breadcrumbs_color":"","ocean_breadcrumbs_separator_color":"","ocean_breadcrumbs_links_color":"","ocean_breadcrumbs_links_hover_color":"","ocean_display_footer_widgets":"","ocean_display_footer_bottom":"","ocean_custom_footer_template":""},"product_cat":[997,989,1032,1045],"product_tag":[225],"class_list":{"0":"post-57304","1":"product","2":"type-product","3":"status-publish","4":"has-post-thumbnail","5":"hentry","6":"product_cat-electronics-toys-es","7":"product_cat-toys-es","8":"product_cat-watches-clocks-es","9":"product_cat-digital-watches-es","10":"product_tag-paw-patrol-es","11":"pa_season-novelties-es","13":"entry","14":"has-media","15":"owp-thumbs-layout-horizontal","16":"owp-btn-normal","17":"owp-tabs-layout-horizontal","18":"has-product-nav"},"_links":{"self":[{"href":"https:\/\/gameplan.es\/es\/wp-json\/wp\/v2\/product\/57304","targetHints":{"allow":["GET"]}}],"collection":[{"href":"https:\/\/gameplan.es\/es\/wp-json\/wp\/v2\/product"}],"about":[{"href":"https:\/\/gameplan.es\/es\/wp-json\/wp\/v2\/types\/product"}],"replies":[{"embeddable":true,"href":"https:\/\/gameplan.es\/es\/wp-json\/wp\/v2\/comments?post=57304"}],"version-history":[{"count":2,"href":"https:\/\/gameplan.es\/es\/wp-json\/wp\/v2\/product\/57304\/revisions"}],"predecessor-version":[{"id":57966,"href":"https:\/\/gameplan.es\/es\/wp-json\/wp\/v2\/product\/57304\/revisions\/57966"}],"wp:featuredmedia":[{"embeddable":true,"href":"https:\/\/gameplan.es\/es\/wp-json\/wp\/v2\/media\/8388"}],"wp:attachment":[{"href":"https:\/\/gameplan.es\/es\/wp-json\/wp\/v2\/media?parent=57304"}],"wp:term":[{"taxonomy":"product_cat","embeddable":true,"href":"https:\/\/gameplan.es\/es\/wp-json\/wp\/v2\/product_cat?post=57304"},{"taxonomy":"product_tag","embeddable":true,"href":"https:\/\/gameplan.es\/es\/wp-json\/wp\/v2\/product_tag?post=57304"}],"curies":[{"name":"wp","href":"https:\/\/api.w.org\/{rel}","templated":true}]}}