{"id":57262,"date":"2021-08-03T16:17:12","date_gmt":"2021-08-03T14:17:12","guid":{"rendered":"https:\/\/kids.optimasys.dev\/product\/stickers-book-sweet-dreams-in-cdu-18x22cm\/"},"modified":"2022-02-24T11:30:47","modified_gmt":"2022-02-24T10:30:47","slug":"stickers-book-sweet-dreams-in-cdu-18x22cm","status":"publish","type":"product","link":"https:\/\/gameplan.es\/es\/producto\/stickers-book-sweet-dreams-in-cdu-18x22cm\/","title":{"rendered":"SET PEGATINAS SWEET DREAMS EN\u00a0 CDU 18X22CM"},"content":{"rendered":"","protected":false},"excerpt":{"rendered":"<p>Entra en el mundo de la fantas\u00eda con este creativo libro del set de pegatinas &#8216;Sweet Dreams&#8217;.Incluye 10 p\u00e1ginas con bonitos escenarios donde podr\u00e1s colocar y crear tu propio mundo utilizando las m\u00e1s de 100 pegatinas que incluye el set.La cosa no queda ah\u00ed sino que puedes colorear las p\u00e1ginas para ser tan creativo como quieras.Las pegatinas que no utilices se pueden guardar dentro del libro ya que el set viene con dos gomas el\u00e1sticas que lo mantendr\u00e1n cerrado. Comparte la experiencia con tus amigos y familiares!<\/p>\n<p><br data-mce-bogus=\"1\"><\/p>\n<p>Referencia: KL10882<\/p>\n","protected":false},"featured_media":6204,"comment_status":"open","ping_status":"closed","template":"","meta":{"ocean_post_layout":"","ocean_both_sidebars_style":"","ocean_both_sidebars_content_width":0,"ocean_both_sidebars_sidebars_width":0,"ocean_sidebar":"","ocean_second_sidebar":"","ocean_disable_margins":"","ocean_add_body_class":"","ocean_shortcode_before_top_bar":"","ocean_shortcode_after_top_bar":"","ocean_shortcode_before_header":"","ocean_shortcode_after_header":"","ocean_has_shortcode":"","ocean_shortcode_after_title":"","ocean_shortcode_before_footer_widgets":"","ocean_shortcode_after_footer_widgets":"","ocean_shortcode_before_footer_bottom":"","ocean_shortcode_after_footer_bottom":"","ocean_display_top_bar":"","ocean_display_header":"","ocean_header_style":"","ocean_center_header_left_menu":"","ocean_custom_header_template":"","ocean_custom_logo":0,"ocean_custom_retina_logo":0,"ocean_custom_logo_max_width":0,"ocean_custom_logo_tablet_max_width":0,"ocean_custom_logo_mobile_max_width":0,"ocean_custom_logo_max_height":0,"ocean_custom_logo_tablet_max_height":0,"ocean_custom_logo_mobile_max_height":0,"ocean_header_custom_menu":"","ocean_menu_typo_font_family":"","ocean_menu_typo_font_subset":"","ocean_menu_typo_font_size":0,"ocean_menu_typo_font_size_tablet":0,"ocean_menu_typo_font_size_mobile":0,"ocean_menu_typo_font_size_unit":"px","ocean_menu_typo_font_weight":"","ocean_menu_typo_font_weight_tablet":"","ocean_menu_typo_font_weight_mobile":"","ocean_menu_typo_transform":"","ocean_menu_typo_transform_tablet":"","ocean_menu_typo_transform_mobile":"","ocean_menu_typo_line_height":0,"ocean_menu_typo_line_height_tablet":0,"ocean_menu_typo_line_height_mobile":0,"ocean_menu_typo_line_height_unit":"","ocean_menu_typo_spacing":0,"ocean_menu_typo_spacing_tablet":0,"ocean_menu_typo_spacing_mobile":0,"ocean_menu_typo_spacing_unit":"","ocean_menu_link_color":"","ocean_menu_link_color_hover":"","ocean_menu_link_color_active":"","ocean_menu_link_background":"","ocean_menu_link_hover_background":"","ocean_menu_link_active_background":"","ocean_menu_social_links_bg":"","ocean_menu_social_hover_links_bg":"","ocean_menu_social_links_color":"","ocean_menu_social_hover_links_color":"","ocean_disable_title":"","ocean_disable_heading":"","ocean_post_title":"","ocean_post_subheading":"","ocean_post_title_style":"","ocean_post_title_background_color":"","ocean_post_title_background":0,"ocean_post_title_bg_image_position":"","ocean_post_title_bg_image_attachment":"","ocean_post_title_bg_image_repeat":"","ocean_post_title_bg_image_size":"","ocean_post_title_height":0,"ocean_post_title_bg_overlay":0.5,"ocean_post_title_bg_overlay_color":"","ocean_disable_breadcrumbs":"","ocean_breadcrumbs_color":"","ocean_breadcrumbs_separator_color":"","ocean_breadcrumbs_links_color":"","ocean_breadcrumbs_links_hover_color":"","ocean_display_footer_widgets":"","ocean_display_footer_bottom":"","ocean_custom_footer_template":""},"product_cat":[983,947],"product_tag":[1050],"class_list":{"0":"post-57262","1":"product","2":"type-product","3":"status-publish","4":"has-post-thumbnail","5":"hentry","6":"product_cat-arts-crafts-es","7":"product_cat-stationery-es","8":"product_tag-sweet-dreams-es","9":"pa_season-novelties-es","11":"entry","12":"has-media","13":"owp-thumbs-layout-horizontal","14":"owp-btn-normal","15":"owp-tabs-layout-horizontal","16":"has-product-nav"},"_links":{"self":[{"href":"https:\/\/gameplan.es\/es\/wp-json\/wp\/v2\/product\/57262","targetHints":{"allow":["GET"]}}],"collection":[{"href":"https:\/\/gameplan.es\/es\/wp-json\/wp\/v2\/product"}],"about":[{"href":"https:\/\/gameplan.es\/es\/wp-json\/wp\/v2\/types\/product"}],"replies":[{"embeddable":true,"href":"https:\/\/gameplan.es\/es\/wp-json\/wp\/v2\/comments?post=57262"}],"version-history":[{"count":3,"href":"https:\/\/gameplan.es\/es\/wp-json\/wp\/v2\/product\/57262\/revisions"}],"predecessor-version":[{"id":58277,"href":"https:\/\/gameplan.es\/es\/wp-json\/wp\/v2\/product\/57262\/revisions\/58277"}],"wp:featuredmedia":[{"embeddable":true,"href":"https:\/\/gameplan.es\/es\/wp-json\/wp\/v2\/media\/6204"}],"wp:attachment":[{"href":"https:\/\/gameplan.es\/es\/wp-json\/wp\/v2\/media?parent=57262"}],"wp:term":[{"taxonomy":"product_cat","embeddable":true,"href":"https:\/\/gameplan.es\/es\/wp-json\/wp\/v2\/product_cat?post=57262"},{"taxonomy":"product_tag","embeddable":true,"href":"https:\/\/gameplan.es\/es\/wp-json\/wp\/v2\/product_tag?post=57262"}],"curies":[{"name":"wp","href":"https:\/\/api.w.org\/{rel}","templated":true}]}}