{"id":57166,"date":"2021-08-03T16:17:18","date_gmt":"2021-08-03T14:17:18","guid":{"rendered":"https:\/\/kids.optimasys.dev\/product\/big-torch-minnie\/"},"modified":"2022-02-24T10:20:17","modified_gmt":"2022-02-24T09:20:17","slug":"big-torch-minnie","status":"publish","type":"product","link":"https:\/\/gameplan.es\/es\/producto\/big-torch-minnie\/","title":{"rendered":"LINTERNA GRANDE MINNIE"},"content":{"rendered":"","protected":false},"excerpt":{"rendered":"<p>Esta linterna LED de pl\u00e1stico es un regalo perfecto para las aventuras nocturnas con los ni\u00f1os.<\/p>\n<p>Es vers\u00e1til y se puede utilizar tanto en interiores como en el interior en cualquier ocasi\u00f3n. La linterna se puede utilizar con fines educativos cuando se realizan experimentos b\u00e1sicos con la luz.<\/p>\n<p>La linterna tiene un bonito dise\u00f1o de Minnie Mouse e incluye un cord\u00f3n corto a juego para llevarla en la mu\u00f1eca y evitar que se caiga. Que empiece la aventura!<\/p>\n<p><\/p>\n<p>Referencia: WD21215<\/p>\n","protected":false},"featured_media":9756,"comment_status":"open","ping_status":"closed","template":"","meta":{"ocean_post_layout":"","ocean_both_sidebars_style":"","ocean_both_sidebars_content_width":0,"ocean_both_sidebars_sidebars_width":0,"ocean_sidebar":"","ocean_second_sidebar":"","ocean_disable_margins":"","ocean_add_body_class":"","ocean_shortcode_before_top_bar":"","ocean_shortcode_after_top_bar":"","ocean_shortcode_before_header":"","ocean_shortcode_after_header":"","ocean_has_shortcode":"","ocean_shortcode_after_title":"","ocean_shortcode_before_footer_widgets":"","ocean_shortcode_after_footer_widgets":"","ocean_shortcode_before_footer_bottom":"","ocean_shortcode_after_footer_bottom":"","ocean_display_top_bar":"","ocean_display_header":"","ocean_header_style":"","ocean_center_header_left_menu":"","ocean_custom_header_template":"","ocean_custom_logo":0,"ocean_custom_retina_logo":0,"ocean_custom_logo_max_width":0,"ocean_custom_logo_tablet_max_width":0,"ocean_custom_logo_mobile_max_width":0,"ocean_custom_logo_max_height":0,"ocean_custom_logo_tablet_max_height":0,"ocean_custom_logo_mobile_max_height":0,"ocean_header_custom_menu":"","ocean_menu_typo_font_family":"","ocean_menu_typo_font_subset":"","ocean_menu_typo_font_size":0,"ocean_menu_typo_font_size_tablet":0,"ocean_menu_typo_font_size_mobile":0,"ocean_menu_typo_font_size_unit":"px","ocean_menu_typo_font_weight":"","ocean_menu_typo_font_weight_tablet":"","ocean_menu_typo_font_weight_mobile":"","ocean_menu_typo_transform":"","ocean_menu_typo_transform_tablet":"","ocean_menu_typo_transform_mobile":"","ocean_menu_typo_line_height":0,"ocean_menu_typo_line_height_tablet":0,"ocean_menu_typo_line_height_mobile":0,"ocean_menu_typo_line_height_unit":"","ocean_menu_typo_spacing":0,"ocean_menu_typo_spacing_tablet":0,"ocean_menu_typo_spacing_mobile":0,"ocean_menu_typo_spacing_unit":"","ocean_menu_link_color":"","ocean_menu_link_color_hover":"","ocean_menu_link_color_active":"","ocean_menu_link_background":"","ocean_menu_link_hover_background":"","ocean_menu_link_active_background":"","ocean_menu_social_links_bg":"","ocean_menu_social_hover_links_bg":"","ocean_menu_social_links_color":"","ocean_menu_social_hover_links_color":"","ocean_disable_title":"","ocean_disable_heading":"","ocean_post_title":"","ocean_post_subheading":"","ocean_post_title_style":"","ocean_post_title_background_color":"","ocean_post_title_background":0,"ocean_post_title_bg_image_position":"","ocean_post_title_bg_image_attachment":"","ocean_post_title_bg_image_repeat":"","ocean_post_title_bg_image_size":"","ocean_post_title_height":0,"ocean_post_title_bg_overlay":0.5,"ocean_post_title_bg_overlay_color":"","ocean_disable_breadcrumbs":"","ocean_breadcrumbs_color":"","ocean_breadcrumbs_separator_color":"","ocean_breadcrumbs_links_color":"","ocean_breadcrumbs_links_hover_color":"","ocean_display_footer_widgets":"","ocean_display_footer_bottom":"","ocean_custom_footer_template":""},"product_cat":[912,933],"product_tag":[218],"class_list":{"0":"post-57166","1":"product","2":"type-product","3":"status-publish","4":"has-post-thumbnail","5":"hentry","6":"product_cat-lighting-es","7":"product_cat-torches-es","8":"product_tag-minnie-mouse-es","9":"pa_season-novelties-es","11":"entry","12":"has-media","13":"owp-thumbs-layout-horizontal","14":"owp-btn-normal","15":"owp-tabs-layout-horizontal","16":"has-product-nav"},"_links":{"self":[{"href":"https:\/\/gameplan.es\/es\/wp-json\/wp\/v2\/product\/57166","targetHints":{"allow":["GET"]}}],"collection":[{"href":"https:\/\/gameplan.es\/es\/wp-json\/wp\/v2\/product"}],"about":[{"href":"https:\/\/gameplan.es\/es\/wp-json\/wp\/v2\/types\/product"}],"replies":[{"embeddable":true,"href":"https:\/\/gameplan.es\/es\/wp-json\/wp\/v2\/comments?post=57166"}],"version-history":[{"count":2,"href":"https:\/\/gameplan.es\/es\/wp-json\/wp\/v2\/product\/57166\/revisions"}],"predecessor-version":[{"id":57897,"href":"https:\/\/gameplan.es\/es\/wp-json\/wp\/v2\/product\/57166\/revisions\/57897"}],"wp:featuredmedia":[{"embeddable":true,"href":"https:\/\/gameplan.es\/es\/wp-json\/wp\/v2\/media\/9756"}],"wp:attachment":[{"href":"https:\/\/gameplan.es\/es\/wp-json\/wp\/v2\/media?parent=57166"}],"wp:term":[{"taxonomy":"product_cat","embeddable":true,"href":"https:\/\/gameplan.es\/es\/wp-json\/wp\/v2\/product_cat?post=57166"},{"taxonomy":"product_tag","embeddable":true,"href":"https:\/\/gameplan.es\/es\/wp-json\/wp\/v2\/product_tag?post=57166"}],"curies":[{"name":"wp","href":"https:\/\/api.w.org\/{rel}","templated":true}]}}