{"id":57090,"date":"2021-08-03T16:17:23","date_gmt":"2021-08-03T14:17:23","guid":{"rendered":"https:\/\/kids.optimasys.dev\/product\/comb-and-mirror-bag-set-frozen-2\/"},"modified":"2022-02-24T10:20:05","modified_gmt":"2022-02-24T09:20:05","slug":"comb-and-mirror-bag-set-frozen-2","status":"publish","type":"product","link":"https:\/\/gameplan.es\/es\/producto\/comb-and-mirror-bag-set-frozen-2\/","title":{"rendered":"SET PEINE +\u00a0 ESPEJO Y ACC. FANTASIA EN BOLSA FROZE"},"content":{"rendered":"","protected":false},"excerpt":{"rendered":"<p>Prep\u00e1rate con el kit de bisuter\u00eda y accesorios m\u00e1s bonito para llevar en cualquier situaci\u00f3n!<\/p>\n<p>El set incluye:<\/p>\n<ul>\n<li>1 peine semicircular brillante<\/li>\n<li>1 espejo en forma de flor con agarre perfecto<\/li>\n<li>1 brazalete de cuentas brillantes de color pastel<\/li>\n<li>6 gomas de pelo brillantes y estampadas de Hello Kitty<\/li>\n<\/ul>\n<p>El kit viene perfectamente empaquetado en una bolsa de PVC con cierre f\u00e1cil<br \/>para guardarlo en cualquier bolso!<\/p>\n<p><\/p>\n<p>Referencia: WD21613<\/p>\n","protected":false},"featured_media":10324,"comment_status":"open","ping_status":"closed","template":"","meta":{"ocean_post_layout":"","ocean_both_sidebars_style":"","ocean_both_sidebars_content_width":0,"ocean_both_sidebars_sidebars_width":0,"ocean_sidebar":"","ocean_second_sidebar":"","ocean_disable_margins":"","ocean_add_body_class":"","ocean_shortcode_before_top_bar":"","ocean_shortcode_after_top_bar":"","ocean_shortcode_before_header":"","ocean_shortcode_after_header":"","ocean_has_shortcode":"","ocean_shortcode_after_title":"","ocean_shortcode_before_footer_widgets":"","ocean_shortcode_after_footer_widgets":"","ocean_shortcode_before_footer_bottom":"","ocean_shortcode_after_footer_bottom":"","ocean_display_top_bar":"","ocean_display_header":"","ocean_header_style":"","ocean_center_header_left_menu":"","ocean_custom_header_template":"","ocean_custom_logo":0,"ocean_custom_retina_logo":0,"ocean_custom_logo_max_width":0,"ocean_custom_logo_tablet_max_width":0,"ocean_custom_logo_mobile_max_width":0,"ocean_custom_logo_max_height":0,"ocean_custom_logo_tablet_max_height":0,"ocean_custom_logo_mobile_max_height":0,"ocean_header_custom_menu":"","ocean_menu_typo_font_family":"","ocean_menu_typo_font_subset":"","ocean_menu_typo_font_size":0,"ocean_menu_typo_font_size_tablet":0,"ocean_menu_typo_font_size_mobile":0,"ocean_menu_typo_font_size_unit":"px","ocean_menu_typo_font_weight":"","ocean_menu_typo_font_weight_tablet":"","ocean_menu_typo_font_weight_mobile":"","ocean_menu_typo_transform":"","ocean_menu_typo_transform_tablet":"","ocean_menu_typo_transform_mobile":"","ocean_menu_typo_line_height":0,"ocean_menu_typo_line_height_tablet":0,"ocean_menu_typo_line_height_mobile":0,"ocean_menu_typo_line_height_unit":"","ocean_menu_typo_spacing":0,"ocean_menu_typo_spacing_tablet":0,"ocean_menu_typo_spacing_mobile":0,"ocean_menu_typo_spacing_unit":"","ocean_menu_link_color":"","ocean_menu_link_color_hover":"","ocean_menu_link_color_active":"","ocean_menu_link_background":"","ocean_menu_link_hover_background":"","ocean_menu_link_active_background":"","ocean_menu_social_links_bg":"","ocean_menu_social_hover_links_bg":"","ocean_menu_social_links_color":"","ocean_menu_social_hover_links_color":"","ocean_disable_title":"","ocean_disable_heading":"","ocean_post_title":"","ocean_post_subheading":"","ocean_post_title_style":"","ocean_post_title_background_color":"","ocean_post_title_background":0,"ocean_post_title_bg_image_position":"","ocean_post_title_bg_image_attachment":"","ocean_post_title_bg_image_repeat":"","ocean_post_title_bg_image_size":"","ocean_post_title_height":0,"ocean_post_title_bg_overlay":0.5,"ocean_post_title_bg_overlay_color":"","ocean_disable_breadcrumbs":"","ocean_breadcrumbs_color":"","ocean_breadcrumbs_separator_color":"","ocean_breadcrumbs_links_color":"","ocean_breadcrumbs_links_hover_color":"","ocean_display_footer_widgets":"","ocean_display_footer_bottom":"","ocean_custom_footer_template":""},"product_cat":[835,829],"product_tag":[162],"class_list":{"0":"post-57090","1":"product","2":"type-product","3":"status-publish","4":"has-post-thumbnail","5":"hentry","6":"product_cat-hair-accessories-beauty-es","7":"product_cat-beauty-es","8":"product_tag-frozen-es","10":"entry","11":"has-media","12":"owp-thumbs-layout-horizontal","13":"owp-btn-normal","14":"owp-tabs-layout-horizontal","15":"has-product-nav"},"_links":{"self":[{"href":"https:\/\/gameplan.es\/es\/wp-json\/wp\/v2\/product\/57090","targetHints":{"allow":["GET"]}}],"collection":[{"href":"https:\/\/gameplan.es\/es\/wp-json\/wp\/v2\/product"}],"about":[{"href":"https:\/\/gameplan.es\/es\/wp-json\/wp\/v2\/types\/product"}],"replies":[{"embeddable":true,"href":"https:\/\/gameplan.es\/es\/wp-json\/wp\/v2\/comments?post=57090"}],"version-history":[{"count":2,"href":"https:\/\/gameplan.es\/es\/wp-json\/wp\/v2\/product\/57090\/revisions"}],"predecessor-version":[{"id":57859,"href":"https:\/\/gameplan.es\/es\/wp-json\/wp\/v2\/product\/57090\/revisions\/57859"}],"wp:featuredmedia":[{"embeddable":true,"href":"https:\/\/gameplan.es\/es\/wp-json\/wp\/v2\/media\/10324"}],"wp:attachment":[{"href":"https:\/\/gameplan.es\/es\/wp-json\/wp\/v2\/media?parent=57090"}],"wp:term":[{"taxonomy":"product_cat","embeddable":true,"href":"https:\/\/gameplan.es\/es\/wp-json\/wp\/v2\/product_cat?post=57090"},{"taxonomy":"product_tag","embeddable":true,"href":"https:\/\/gameplan.es\/es\/wp-json\/wp\/v2\/product_tag?post=57090"}],"curies":[{"name":"wp","href":"https:\/\/api.w.org\/{rel}","templated":true}]}}