{"id":56933,"date":"2021-08-03T16:17:33","date_gmt":"2021-08-03T14:17:33","guid":{"rendered":"https:\/\/kids.optimasys.dev\/product\/stationery-set-with-diary-and-magic-pen-avengers\/"},"modified":"2022-02-28T05:56:52","modified_gmt":"2022-02-28T04:56:52","slug":"stationery-set-with-diary-and-magic-pen-avengers","status":"publish","type":"product","link":"https:\/\/gameplan.es\/es\/producto\/stationery-set-with-diary-and-magic-pen-avengers\/","title":{"rendered":"DIARIO CON BOLIGRAFO M\u00c1GICO AVENGERS"},"content":{"rendered":"","protected":false},"excerpt":{"rendered":"<p>A\u00f1ada el art\u00edculo m\u00e1s emocionante a su colecci\u00f3n de papeler\u00eda. Este set de papeler\u00eda Magic Ink Pen har\u00e1 que todos se pregunten qu\u00e9 hay dentro del diario.<\/p>\n<p>Este kit contiene:<\/p>\n<ul>\n<li>1 x Cuaderno de rayas A5<\/li>\n<li>2 x Hojas de pegatinas con ilustraciones de personajes encantadores.<\/li>\n<li>1 x Bol\u00edgrafo de tinta m\u00e1gica con luz LED&nbsp;<\/li>\n<\/ul>\n<p>Escribe tus mensajes o garabatos con el bol\u00edgrafo de tinta m\u00e1gica. Parecer\u00e1 que no se ha escrito nada&#8230; Pero una vez que ilumine la luz LED en la parte superior del bol\u00edgrafo \u00a1revelar\u00e1 sus principales secretos!Por si fuera poco el diario est\u00e1 protegido por un candado y una llave. Nadie podr\u00e1 entrar!<\/p>\n<p>Shhh&#8230;.El regalo perfecto para los fans de Avengers.&nbsp;<\/p>\n<p>Referencia: MV15906<\/p>\n","protected":false},"featured_media":7516,"comment_status":"open","ping_status":"closed","template":"","meta":{"ocean_post_layout":"","ocean_both_sidebars_style":"","ocean_both_sidebars_content_width":0,"ocean_both_sidebars_sidebars_width":0,"ocean_sidebar":"","ocean_second_sidebar":"","ocean_disable_margins":"","ocean_add_body_class":"","ocean_shortcode_before_top_bar":"","ocean_shortcode_after_top_bar":"","ocean_shortcode_before_header":"","ocean_shortcode_after_header":"","ocean_has_shortcode":"","ocean_shortcode_after_title":"","ocean_shortcode_before_footer_widgets":"","ocean_shortcode_after_footer_widgets":"","ocean_shortcode_before_footer_bottom":"","ocean_shortcode_after_footer_bottom":"","ocean_display_top_bar":"","ocean_display_header":"","ocean_header_style":"","ocean_center_header_left_menu":"","ocean_custom_header_template":"","ocean_custom_logo":0,"ocean_custom_retina_logo":0,"ocean_custom_logo_max_width":0,"ocean_custom_logo_tablet_max_width":0,"ocean_custom_logo_mobile_max_width":0,"ocean_custom_logo_max_height":0,"ocean_custom_logo_tablet_max_height":0,"ocean_custom_logo_mobile_max_height":0,"ocean_header_custom_menu":"","ocean_menu_typo_font_family":"","ocean_menu_typo_font_subset":"","ocean_menu_typo_font_size":0,"ocean_menu_typo_font_size_tablet":0,"ocean_menu_typo_font_size_mobile":0,"ocean_menu_typo_font_size_unit":"px","ocean_menu_typo_font_weight":"","ocean_menu_typo_font_weight_tablet":"","ocean_menu_typo_font_weight_mobile":"","ocean_menu_typo_transform":"","ocean_menu_typo_transform_tablet":"","ocean_menu_typo_transform_mobile":"","ocean_menu_typo_line_height":0,"ocean_menu_typo_line_height_tablet":0,"ocean_menu_typo_line_height_mobile":0,"ocean_menu_typo_line_height_unit":"","ocean_menu_typo_spacing":0,"ocean_menu_typo_spacing_tablet":0,"ocean_menu_typo_spacing_mobile":0,"ocean_menu_typo_spacing_unit":"","ocean_menu_link_color":"","ocean_menu_link_color_hover":"","ocean_menu_link_color_active":"","ocean_menu_link_background":"","ocean_menu_link_hover_background":"","ocean_menu_link_active_background":"","ocean_menu_social_links_bg":"","ocean_menu_social_hover_links_bg":"","ocean_menu_social_links_color":"","ocean_menu_social_hover_links_color":"","ocean_disable_title":"","ocean_disable_heading":"","ocean_post_title":"","ocean_post_subheading":"","ocean_post_title_style":"","ocean_post_title_background_color":"","ocean_post_title_background":0,"ocean_post_title_bg_image_position":"","ocean_post_title_bg_image_attachment":"","ocean_post_title_bg_image_repeat":"","ocean_post_title_bg_image_size":"","ocean_post_title_height":0,"ocean_post_title_bg_overlay":0.5,"ocean_post_title_bg_overlay_color":"","ocean_disable_breadcrumbs":"","ocean_breadcrumbs_color":"","ocean_breadcrumbs_separator_color":"","ocean_breadcrumbs_links_color":"","ocean_breadcrumbs_links_hover_color":"","ocean_display_footer_widgets":"","ocean_display_footer_bottom":"","ocean_custom_footer_template":""},"product_cat":[947,976],"product_tag":[134],"class_list":{"0":"post-56933","1":"product","2":"type-product","3":"status-publish","4":"has-post-thumbnail","5":"hentry","6":"product_cat-stationery-es","7":"product_cat-stationery-sets-es","8":"product_tag-avengers-es","10":"entry","11":"has-media","12":"owp-thumbs-layout-horizontal","13":"owp-btn-normal","14":"owp-tabs-layout-horizontal","15":"has-product-nav"},"_links":{"self":[{"href":"https:\/\/gameplan.es\/es\/wp-json\/wp\/v2\/product\/56933","targetHints":{"allow":["GET"]}}],"collection":[{"href":"https:\/\/gameplan.es\/es\/wp-json\/wp\/v2\/product"}],"about":[{"href":"https:\/\/gameplan.es\/es\/wp-json\/wp\/v2\/types\/product"}],"replies":[{"embeddable":true,"href":"https:\/\/gameplan.es\/es\/wp-json\/wp\/v2\/comments?post=56933"}],"version-history":[{"count":4,"href":"https:\/\/gameplan.es\/es\/wp-json\/wp\/v2\/product\/56933\/revisions"}],"predecessor-version":[{"id":59296,"href":"https:\/\/gameplan.es\/es\/wp-json\/wp\/v2\/product\/56933\/revisions\/59296"}],"wp:featuredmedia":[{"embeddable":true,"href":"https:\/\/gameplan.es\/es\/wp-json\/wp\/v2\/media\/7516"}],"wp:attachment":[{"href":"https:\/\/gameplan.es\/es\/wp-json\/wp\/v2\/media?parent=56933"}],"wp:term":[{"taxonomy":"product_cat","embeddable":true,"href":"https:\/\/gameplan.es\/es\/wp-json\/wp\/v2\/product_cat?post=56933"},{"taxonomy":"product_tag","embeddable":true,"href":"https:\/\/gameplan.es\/es\/wp-json\/wp\/v2\/product_tag?post=56933"}],"curies":[{"name":"wp","href":"https:\/\/api.w.org\/{rel}","templated":true}]}}