{"id":56691,"date":"2022-02-01T10:15:56","date_gmt":"2022-02-01T09:15:56","guid":{"rendered":"https:\/\/kids.optimasys.dev\/product\/watch-ke02-mickey\/"},"modified":"2022-02-28T05:56:30","modified_gmt":"2022-02-28T04:56:30","slug":"watch-ke02-mickey","status":"publish","type":"product","link":"https:\/\/gameplan.es\/es\/producto\/watch-ke02-mickey\/","title":{"rendered":"RELOJ DIGITAL KE02 MICKEY ECO"},"content":{"rendered":"","protected":false},"excerpt":{"rendered":"<p>Descubre Reloj Digital de mu\u00f1eca de Mickey Mouse. Muestra la hora en formato digital y viene con una correa ajustable, ideal para poder adaptarse al tama\u00f1o de la mu\u00f1eca de los peque\u00f1os. <\/p>\n<p>M\u00e1s all\u00e1 de ser un producto estrella, hemos mejorado este producto eliminando por completo el pl\u00e1stico su empaquetado para fortalecer nuestro compromiso con el medio ambiente. <\/p>\n<p>\u00a1Sin duda un regalo ideal para cualquier ocasi\u00f3n! <\/p>\n<p>Referencia WD22135<\/p>\n","protected":false},"featured_media":40169,"comment_status":"open","ping_status":"closed","template":"","meta":{"ocean_post_layout":"","ocean_both_sidebars_style":"","ocean_both_sidebars_content_width":0,"ocean_both_sidebars_sidebars_width":0,"ocean_sidebar":"","ocean_second_sidebar":"","ocean_disable_margins":"","ocean_add_body_class":"","ocean_shortcode_before_top_bar":"","ocean_shortcode_after_top_bar":"","ocean_shortcode_before_header":"","ocean_shortcode_after_header":"","ocean_has_shortcode":"","ocean_shortcode_after_title":"","ocean_shortcode_before_footer_widgets":"","ocean_shortcode_after_footer_widgets":"","ocean_shortcode_before_footer_bottom":"","ocean_shortcode_after_footer_bottom":"","ocean_display_top_bar":"","ocean_display_header":"","ocean_header_style":"","ocean_center_header_left_menu":"","ocean_custom_header_template":"","ocean_custom_logo":0,"ocean_custom_retina_logo":0,"ocean_custom_logo_max_width":0,"ocean_custom_logo_tablet_max_width":0,"ocean_custom_logo_mobile_max_width":0,"ocean_custom_logo_max_height":0,"ocean_custom_logo_tablet_max_height":0,"ocean_custom_logo_mobile_max_height":0,"ocean_header_custom_menu":"","ocean_menu_typo_font_family":"","ocean_menu_typo_font_subset":"","ocean_menu_typo_font_size":0,"ocean_menu_typo_font_size_tablet":0,"ocean_menu_typo_font_size_mobile":0,"ocean_menu_typo_font_size_unit":"px","ocean_menu_typo_font_weight":"","ocean_menu_typo_font_weight_tablet":"","ocean_menu_typo_font_weight_mobile":"","ocean_menu_typo_transform":"","ocean_menu_typo_transform_tablet":"","ocean_menu_typo_transform_mobile":"","ocean_menu_typo_line_height":0,"ocean_menu_typo_line_height_tablet":0,"ocean_menu_typo_line_height_mobile":0,"ocean_menu_typo_line_height_unit":"","ocean_menu_typo_spacing":0,"ocean_menu_typo_spacing_tablet":0,"ocean_menu_typo_spacing_mobile":0,"ocean_menu_typo_spacing_unit":"","ocean_menu_link_color":"","ocean_menu_link_color_hover":"","ocean_menu_link_color_active":"","ocean_menu_link_background":"","ocean_menu_link_hover_background":"","ocean_menu_link_active_background":"","ocean_menu_social_links_bg":"","ocean_menu_social_hover_links_bg":"","ocean_menu_social_links_color":"","ocean_menu_social_hover_links_color":"","ocean_disable_title":"","ocean_disable_heading":"","ocean_post_title":"","ocean_post_subheading":"","ocean_post_title_style":"","ocean_post_title_background_color":"","ocean_post_title_background":0,"ocean_post_title_bg_image_position":"","ocean_post_title_bg_image_attachment":"","ocean_post_title_bg_image_repeat":"","ocean_post_title_bg_image_size":"","ocean_post_title_height":0,"ocean_post_title_bg_overlay":0.5,"ocean_post_title_bg_overlay_color":"","ocean_disable_breadcrumbs":"","ocean_breadcrumbs_color":"","ocean_breadcrumbs_separator_color":"","ocean_breadcrumbs_links_color":"","ocean_breadcrumbs_links_hover_color":"","ocean_display_footer_widgets":"","ocean_display_footer_bottom":"","ocean_custom_footer_template":""},"product_cat":[1032,1045],"product_tag":[5112],"class_list":{"0":"post-56691","1":"product","2":"type-product","3":"status-publish","4":"has-post-thumbnail","5":"hentry","6":"product_cat-watches-clocks-es","7":"product_cat-digital-watches-es","8":"product_tag-mickey-es","9":"pa_season-novelties-es","11":"entry","12":"has-media","13":"owp-thumbs-layout-horizontal","14":"owp-btn-normal","15":"owp-tabs-layout-horizontal","16":"has-product-nav"},"_links":{"self":[{"href":"https:\/\/gameplan.es\/es\/wp-json\/wp\/v2\/product\/56691","targetHints":{"allow":["GET"]}}],"collection":[{"href":"https:\/\/gameplan.es\/es\/wp-json\/wp\/v2\/product"}],"about":[{"href":"https:\/\/gameplan.es\/es\/wp-json\/wp\/v2\/types\/product"}],"replies":[{"embeddable":true,"href":"https:\/\/gameplan.es\/es\/wp-json\/wp\/v2\/comments?post=56691"}],"version-history":[{"count":4,"href":"https:\/\/gameplan.es\/es\/wp-json\/wp\/v2\/product\/56691\/revisions"}],"predecessor-version":[{"id":59199,"href":"https:\/\/gameplan.es\/es\/wp-json\/wp\/v2\/product\/56691\/revisions\/59199"}],"wp:featuredmedia":[{"embeddable":true,"href":"https:\/\/gameplan.es\/es\/wp-json\/wp\/v2\/media\/40169"}],"wp:attachment":[{"href":"https:\/\/gameplan.es\/es\/wp-json\/wp\/v2\/media?parent=56691"}],"wp:term":[{"taxonomy":"product_cat","embeddable":true,"href":"https:\/\/gameplan.es\/es\/wp-json\/wp\/v2\/product_cat?post=56691"},{"taxonomy":"product_tag","embeddable":true,"href":"https:\/\/gameplan.es\/es\/wp-json\/wp\/v2\/product_tag?post=56691"}],"curies":[{"name":"wp","href":"https:\/\/api.w.org\/{rel}","templated":true}]}}