{"id":56197,"date":"2022-02-24T08:30:11","date_gmt":"2022-02-24T07:30:11","guid":{"rendered":"https:\/\/kids.optimasys.dev\/product\/hey-clay-bird-series-18-pots\/"},"modified":"2022-02-28T08:52:13","modified_gmt":"2022-02-28T07:52:13","slug":"hey-clay-bird-series-18-pots","status":"publish","type":"product","link":"https:\/\/gameplan.es\/es\/producto\/hey-clay-bird-series-18-pots\/","title":{"rendered":"HEY CLAY PAJAROS SERIES 18 POTS"},"content":{"rendered":"","protected":false},"excerpt":{"rendered":"<p>Los 18 botes de arcilla de alta calidad incluidos en este vibrante set son suaves, ligeros, no pegajosos, no t\u00f3xicos y no manchan &#8211; Perfecto para los j\u00f3venes artistas que dan su primer paso en el m\u00e1gico mundo de la creatividad con arcilla.<\/p>\n<p>La diversi\u00f3n comienza una vez que descargues la aplicaci\u00f3n gratuita y obtengas acceso completo utilizando el c\u00f3digo promocional incluido en la caja.<\/p>\n<p>Elige uno de los seis personajes de p\u00e1jaros: fais\u00e1n, tuc\u00e1n, ping\u00fcino, loro, paloma y pavo real. A continuaci\u00f3n, sigue las instrucciones interactivas en 3D paso a paso para moldearlo con maestr\u00eda, una forma sencilla cada vez.<\/p>\n<p>A medida que los ni\u00f1os crean, aprenden t\u00e9cnicas \u00fatiles -moldear esferas perfectas, cilindros, rasgos faciales, texturas y mucho m\u00e1s- hasta que finalmente, una vez construido el \u00faltimo modelo, \u00a1no pueden esperar a intentar inventar sus propios personajes!Inicie la nueva carrera de su joven artista con la salvaje y maravillosa emoci\u00f3n del set Hey Clay Animals. La arcilla se seca y endurece cuando se deja al aire libre durante 24 horas: <\/p>\n<ul>\n<li>La aplicaci\u00f3n se puede utilizar en varios dispositivos (tabletas y\/o tel\u00e9fonos) con el mismo ID<\/li>\n<li>La arcilla no es t\u00f3xica, no contiene trigo ni gluten, no contiene frutos secos ni l\u00e1tex, no se pega a las manos<\/li>\n<\/ul>\n","protected":false},"featured_media":46079,"comment_status":"open","ping_status":"closed","template":"","meta":{"ocean_post_layout":"","ocean_both_sidebars_style":"","ocean_both_sidebars_content_width":0,"ocean_both_sidebars_sidebars_width":0,"ocean_sidebar":"","ocean_second_sidebar":"","ocean_disable_margins":"enable","ocean_add_body_class":"","ocean_shortcode_before_top_bar":"","ocean_shortcode_after_top_bar":"","ocean_shortcode_before_header":"","ocean_shortcode_after_header":"","ocean_has_shortcode":"","ocean_shortcode_after_title":"","ocean_shortcode_before_footer_widgets":"","ocean_shortcode_after_footer_widgets":"","ocean_shortcode_before_footer_bottom":"","ocean_shortcode_after_footer_bottom":"","ocean_display_top_bar":"default","ocean_display_header":"default","ocean_header_style":"","ocean_center_header_left_menu":"","ocean_custom_header_template":"","ocean_custom_logo":0,"ocean_custom_retina_logo":0,"ocean_custom_logo_max_width":0,"ocean_custom_logo_tablet_max_width":0,"ocean_custom_logo_mobile_max_width":0,"ocean_custom_logo_max_height":0,"ocean_custom_logo_tablet_max_height":0,"ocean_custom_logo_mobile_max_height":0,"ocean_header_custom_menu":"","ocean_menu_typo_font_family":"","ocean_menu_typo_font_subset":"","ocean_menu_typo_font_size":0,"ocean_menu_typo_font_size_tablet":0,"ocean_menu_typo_font_size_mobile":0,"ocean_menu_typo_font_size_unit":"px","ocean_menu_typo_font_weight":"","ocean_menu_typo_font_weight_tablet":"","ocean_menu_typo_font_weight_mobile":"","ocean_menu_typo_transform":"","ocean_menu_typo_transform_tablet":"","ocean_menu_typo_transform_mobile":"","ocean_menu_typo_line_height":0,"ocean_menu_typo_line_height_tablet":0,"ocean_menu_typo_line_height_mobile":0,"ocean_menu_typo_line_height_unit":"","ocean_menu_typo_spacing":0,"ocean_menu_typo_spacing_tablet":0,"ocean_menu_typo_spacing_mobile":0,"ocean_menu_typo_spacing_unit":"","ocean_menu_link_color":"","ocean_menu_link_color_hover":"","ocean_menu_link_color_active":"","ocean_menu_link_background":"","ocean_menu_link_hover_background":"","ocean_menu_link_active_background":"","ocean_menu_social_links_bg":"","ocean_menu_social_hover_links_bg":"","ocean_menu_social_links_color":"","ocean_menu_social_hover_links_color":"","ocean_disable_title":"default","ocean_disable_heading":"default","ocean_post_title":"","ocean_post_subheading":"","ocean_post_title_style":"","ocean_post_title_background_color":"","ocean_post_title_background":0,"ocean_post_title_bg_image_position":"","ocean_post_title_bg_image_attachment":"","ocean_post_title_bg_image_repeat":"","ocean_post_title_bg_image_size":"","ocean_post_title_height":0,"ocean_post_title_bg_overlay":0.5,"ocean_post_title_bg_overlay_color":"","ocean_disable_breadcrumbs":"default","ocean_breadcrumbs_color":"","ocean_breadcrumbs_separator_color":"","ocean_breadcrumbs_links_color":"","ocean_breadcrumbs_links_hover_color":"","ocean_display_footer_widgets":"default","ocean_display_footer_bottom":"default","ocean_custom_footer_template":""},"product_cat":[983,947],"product_tag":[4833],"class_list":{"0":"post-56197","1":"product","2":"type-product","3":"status-publish","4":"has-post-thumbnail","5":"hentry","6":"product_cat-arts-crafts-es","7":"product_cat-stationery-es","8":"product_tag-hey-clay-es","9":"pa_season-novelties-es","11":"entry","12":"has-media","13":"owp-thumbs-layout-horizontal","14":"owp-btn-normal","15":"owp-tabs-layout-horizontal","16":"has-no-thumbnails","17":"has-product-nav"},"_links":{"self":[{"href":"https:\/\/gameplan.es\/es\/wp-json\/wp\/v2\/product\/56197","targetHints":{"allow":["GET"]}}],"collection":[{"href":"https:\/\/gameplan.es\/es\/wp-json\/wp\/v2\/product"}],"about":[{"href":"https:\/\/gameplan.es\/es\/wp-json\/wp\/v2\/types\/product"}],"replies":[{"embeddable":true,"href":"https:\/\/gameplan.es\/es\/wp-json\/wp\/v2\/comments?post=56197"}],"version-history":[{"count":3,"href":"https:\/\/gameplan.es\/es\/wp-json\/wp\/v2\/product\/56197\/revisions"}],"predecessor-version":[{"id":59473,"href":"https:\/\/gameplan.es\/es\/wp-json\/wp\/v2\/product\/56197\/revisions\/59473"}],"wp:featuredmedia":[{"embeddable":true,"href":"https:\/\/gameplan.es\/es\/wp-json\/wp\/v2\/media\/46079"}],"wp:attachment":[{"href":"https:\/\/gameplan.es\/es\/wp-json\/wp\/v2\/media?parent=56197"}],"wp:term":[{"taxonomy":"product_cat","embeddable":true,"href":"https:\/\/gameplan.es\/es\/wp-json\/wp\/v2\/product_cat?post=56197"},{"taxonomy":"product_tag","embeddable":true,"href":"https:\/\/gameplan.es\/es\/wp-json\/wp\/v2\/product_tag?post=56197"}],"curies":[{"name":"wp","href":"https:\/\/api.w.org\/{rel}","templated":true}]}}