{"id":56191,"date":"2022-02-24T08:30:11","date_gmt":"2022-02-24T07:30:11","guid":{"rendered":"https:\/\/kids.optimasys.dev\/product\/waboba-bouncing-on-water-ball\/"},"modified":"2022-02-28T08:52:12","modified_gmt":"2022-02-28T07:52:12","slug":"waboba-bouncing-on-water-ball","status":"publish","type":"product","link":"https:\/\/gameplan.es\/es\/producto\/waboba-bouncing-on-water-ball\/","title":{"rendered":"WABOBA PELOTA REBOTE SOBRE AGUA"},"content":{"rendered":"","protected":false},"excerpt":{"rendered":"<p>La pelota que rebota sobre agua. Todo un cl\u00e1sico!<\/p>\n<p><br data-mce-bogus=\"1\"><\/p>\n<p>Esencial para esos d\u00edas de playa. Rebota sobre el agua como nunca visto! Funciona en oc\u00e9anos, lagos, cataratas y r\u00edos&#8230;&nbsp;&nbsp;<\/p>\n<ul>\n<li>Rebota sobre agua<\/li>\n<li>Diversion asegurada<\/li>\n<li>Edad: 7+ <\/li>\n<li>Tama\u00f1o: 2.17 in \/ 55 mm<\/li>\n<\/ul>\n<p>Referencia: WB10702_A<\/p>\n","protected":false},"featured_media":46127,"comment_status":"open","ping_status":"closed","template":"","meta":{"ocean_post_layout":"","ocean_both_sidebars_style":"","ocean_both_sidebars_content_width":0,"ocean_both_sidebars_sidebars_width":0,"ocean_sidebar":"","ocean_second_sidebar":"","ocean_disable_margins":"enable","ocean_add_body_class":"","ocean_shortcode_before_top_bar":"","ocean_shortcode_after_top_bar":"","ocean_shortcode_before_header":"","ocean_shortcode_after_header":"","ocean_has_shortcode":"","ocean_shortcode_after_title":"","ocean_shortcode_before_footer_widgets":"","ocean_shortcode_after_footer_widgets":"","ocean_shortcode_before_footer_bottom":"","ocean_shortcode_after_footer_bottom":"","ocean_display_top_bar":"default","ocean_display_header":"default","ocean_header_style":"","ocean_center_header_left_menu":"","ocean_custom_header_template":"","ocean_custom_logo":0,"ocean_custom_retina_logo":0,"ocean_custom_logo_max_width":0,"ocean_custom_logo_tablet_max_width":0,"ocean_custom_logo_mobile_max_width":0,"ocean_custom_logo_max_height":0,"ocean_custom_logo_tablet_max_height":0,"ocean_custom_logo_mobile_max_height":0,"ocean_header_custom_menu":"","ocean_menu_typo_font_family":"","ocean_menu_typo_font_subset":"","ocean_menu_typo_font_size":0,"ocean_menu_typo_font_size_tablet":0,"ocean_menu_typo_font_size_mobile":0,"ocean_menu_typo_font_size_unit":"px","ocean_menu_typo_font_weight":"","ocean_menu_typo_font_weight_tablet":"","ocean_menu_typo_font_weight_mobile":"","ocean_menu_typo_transform":"","ocean_menu_typo_transform_tablet":"","ocean_menu_typo_transform_mobile":"","ocean_menu_typo_line_height":0,"ocean_menu_typo_line_height_tablet":0,"ocean_menu_typo_line_height_mobile":0,"ocean_menu_typo_line_height_unit":"","ocean_menu_typo_spacing":0,"ocean_menu_typo_spacing_tablet":0,"ocean_menu_typo_spacing_mobile":0,"ocean_menu_typo_spacing_unit":"","ocean_menu_link_color":"","ocean_menu_link_color_hover":"","ocean_menu_link_color_active":"","ocean_menu_link_background":"","ocean_menu_link_hover_background":"","ocean_menu_link_active_background":"","ocean_menu_social_links_bg":"","ocean_menu_social_hover_links_bg":"","ocean_menu_social_links_color":"","ocean_menu_social_hover_links_color":"","ocean_disable_title":"default","ocean_disable_heading":"default","ocean_post_title":"","ocean_post_subheading":"","ocean_post_title_style":"","ocean_post_title_background_color":"","ocean_post_title_background":0,"ocean_post_title_bg_image_position":"","ocean_post_title_bg_image_attachment":"","ocean_post_title_bg_image_repeat":"","ocean_post_title_bg_image_size":"","ocean_post_title_height":0,"ocean_post_title_bg_overlay":0.5,"ocean_post_title_bg_overlay_color":"","ocean_disable_breadcrumbs":"default","ocean_breadcrumbs_color":"","ocean_breadcrumbs_separator_color":"","ocean_breadcrumbs_links_color":"","ocean_breadcrumbs_links_hover_color":"","ocean_display_footer_widgets":"default","ocean_display_footer_bottom":"default","ocean_custom_footer_template":""},"product_cat":[4828],"product_tag":[4829],"class_list":{"0":"post-56191","1":"product","2":"type-product","3":"status-publish","4":"has-post-thumbnail","5":"hentry","6":"product_cat-juegos-de-exterior","7":"product_tag-waboba-es","8":"pa_season-novelties-es","10":"entry","11":"has-media","12":"owp-thumbs-layout-horizontal","13":"owp-btn-normal","14":"owp-tabs-layout-horizontal","15":"has-no-thumbnails","16":"has-product-nav"},"_links":{"self":[{"href":"https:\/\/gameplan.es\/es\/wp-json\/wp\/v2\/product\/56191","targetHints":{"allow":["GET"]}}],"collection":[{"href":"https:\/\/gameplan.es\/es\/wp-json\/wp\/v2\/product"}],"about":[{"href":"https:\/\/gameplan.es\/es\/wp-json\/wp\/v2\/types\/product"}],"replies":[{"embeddable":true,"href":"https:\/\/gameplan.es\/es\/wp-json\/wp\/v2\/comments?post=56191"}],"version-history":[{"count":4,"href":"https:\/\/gameplan.es\/es\/wp-json\/wp\/v2\/product\/56191\/revisions"}],"predecessor-version":[{"id":59470,"href":"https:\/\/gameplan.es\/es\/wp-json\/wp\/v2\/product\/56191\/revisions\/59470"}],"wp:featuredmedia":[{"embeddable":true,"href":"https:\/\/gameplan.es\/es\/wp-json\/wp\/v2\/media\/46127"}],"wp:attachment":[{"href":"https:\/\/gameplan.es\/es\/wp-json\/wp\/v2\/media?parent=56191"}],"wp:term":[{"taxonomy":"product_cat","embeddable":true,"href":"https:\/\/gameplan.es\/es\/wp-json\/wp\/v2\/product_cat?post=56191"},{"taxonomy":"product_tag","embeddable":true,"href":"https:\/\/gameplan.es\/es\/wp-json\/wp\/v2\/product_tag?post=56191"}],"curies":[{"name":"wp","href":"https:\/\/api.w.org\/{rel}","templated":true}]}}