{"id":13280,"date":"2016-04-27T20:01:41","date_gmt":"2016-04-27T20:01:41","guid":{"rendered":"https:\/\/kids.optimasys.dev\/corporate-social-responsibility\/"},"modified":"2021-10-04T16:30:55","modified_gmt":"2021-10-04T14:30:55","slug":"corporate-social-responsibility","status":"publish","type":"page","link":"https:\/\/gameplan.es\/es\/corporate-social-responsibility\/","title":{"rendered":"Responsabilidad social empresarial"},"content":{"rendered":"\t\t<div data-elementor-type=\"wp-page\" data-elementor-id=\"13280\" class=\"elementor elementor-13280 elementor-157\" data-elementor-post-type=\"page\">\n\t\t\t\t\t\t<section class=\"elementor-section elementor-top-section elementor-element elementor-element-bb49383 elementor-section-full_width elementor-section-stretched elementor-section-height-default elementor-section-height-default\" data-id=\"bb49383\" data-element_type=\"section\" data-e-type=\"section\" data-settings=\"{&quot;stretch_section&quot;:&quot;section-stretched&quot;}\">\n\t\t\t\t\t\t<div class=\"elementor-container elementor-column-gap-default\">\n\t\t\t\t\t<div class=\"elementor-column elementor-col-100 elementor-top-column elementor-element elementor-element-5a0692d\" data-id=\"5a0692d\" data-element_type=\"column\" data-e-type=\"column\">\n\t\t\t<div class=\"elementor-widget-wrap elementor-element-populated\">\n\t\t\t\t\t\t<div class=\"elementor-element elementor-element-efab941 elementor-widget elementor-widget-image\" data-id=\"efab941\" data-element_type=\"widget\" data-e-type=\"widget\" data-widget_type=\"image.default\">\n\t\t\t\t<div class=\"elementor-widget-container\">\n\t\t\t\t\t\t\t\t\t\t\t\t\t\t\t<img fetchpriority=\"high\" decoding=\"async\" width=\"1920\" height=\"312\" src=\"https:\/\/gameplan.es\/wp-content\/uploads\/2021\/06\/slider-compromiso.jpeg\" class=\"elementor-animation-bob attachment-2048x2048 size-2048x2048 wp-image-939\" alt=\"\" srcset=\"https:\/\/gameplan.es\/wp-content\/uploads\/2021\/06\/slider-compromiso.jpeg 1920w, https:\/\/gameplan.es\/wp-content\/uploads\/2021\/06\/slider-compromiso-433x70.jpeg 433w, https:\/\/gameplan.es\/wp-content\/uploads\/2021\/06\/slider-compromiso-300x49.jpeg 300w, https:\/\/gameplan.es\/wp-content\/uploads\/2021\/06\/slider-compromiso-1024x166.jpeg 1024w, https:\/\/gameplan.es\/wp-content\/uploads\/2021\/06\/slider-compromiso-768x125.jpeg 768w, https:\/\/gameplan.es\/wp-content\/uploads\/2021\/06\/slider-compromiso-1536x250.jpeg 1536w\" sizes=\"(max-width: 1920px) 100vw, 1920px\" \/>\t\t\t\t\t\t\t\t\t\t\t\t\t\t\t<\/div>\n\t\t\t\t<\/div>\n\t\t\t\t\t<\/div>\n\t\t<\/div>\n\t\t\t\t\t<\/div>\n\t\t<\/section>\n\t\t\t\t<section class=\"elementor-section elementor-top-section elementor-element elementor-element-533c516 elementor-section-boxed elementor-section-height-default elementor-section-height-default\" data-id=\"533c516\" data-element_type=\"section\" data-e-type=\"section\">\n\t\t\t\t\t\t<div class=\"elementor-container elementor-column-gap-default\">\n\t\t\t\t\t<div class=\"elementor-column elementor-col-100 elementor-top-column elementor-element elementor-element-4411fca\" data-id=\"4411fca\" data-element_type=\"column\" data-e-type=\"column\">\n\t\t\t<div class=\"elementor-widget-wrap elementor-element-populated\">\n\t\t\t\t\t\t<div class=\"elementor-element elementor-element-92ceb10 elementor-widget elementor-widget-heading\" data-id=\"92ceb10\" data-element_type=\"widget\" data-e-type=\"widget\" data-widget_type=\"heading.default\">\n\t\t\t\t<div class=\"elementor-widget-container\">\n\t\t\t\t\t<h1 class=\"elementor-heading-title elementor-size-default\">Compromiso Medio Ambiente y Sostenibilidad<\/h1>\t\t\t\t<\/div>\n\t\t\t\t<\/div>\n\t\t\t\t\t<\/div>\n\t\t<\/div>\n\t\t\t\t\t<\/div>\n\t\t<\/section>\n\t\t\t\t<section class=\"elementor-section elementor-top-section elementor-element elementor-element-142de96 elementor-section-boxed elementor-section-height-default elementor-section-height-default\" data-id=\"142de96\" data-element_type=\"section\" data-e-type=\"section\">\n\t\t\t\t\t\t<div class=\"elementor-container elementor-column-gap-default\">\n\t\t\t\t\t<div class=\"elementor-column elementor-col-50 elementor-top-column elementor-element elementor-element-b04febd\" data-id=\"b04febd\" data-element_type=\"column\" data-e-type=\"column\">\n\t\t\t<div class=\"elementor-widget-wrap elementor-element-populated\">\n\t\t\t\t\t\t<div class=\"elementor-element elementor-element-a0a7b3a elementor-widget elementor-widget-image\" data-id=\"a0a7b3a\" data-element_type=\"widget\" data-e-type=\"widget\" data-widget_type=\"image.default\">\n\t\t\t\t<div class=\"elementor-widget-container\">\n\t\t\t\t\t\t\t\t\t\t\t\t\t\t\t<img decoding=\"async\" width=\"974\" height=\"928\" src=\"https:\/\/gameplan.es\/wp-content\/uploads\/2021\/06\/HK-1.jpeg\" class=\"attachment-large size-large wp-image-947\" alt=\"\" srcset=\"https:\/\/gameplan.es\/wp-content\/uploads\/2021\/06\/HK-1.jpeg 974w, https:\/\/gameplan.es\/wp-content\/uploads\/2021\/06\/HK-1-433x413.jpeg 433w, https:\/\/gameplan.es\/wp-content\/uploads\/2021\/06\/HK-1-300x286.jpeg 300w, https:\/\/gameplan.es\/wp-content\/uploads\/2021\/06\/HK-1-768x732.jpeg 768w\" sizes=\"(max-width: 974px) 100vw, 974px\" \/>\t\t\t\t\t\t\t\t\t\t\t\t\t\t\t<\/div>\n\t\t\t\t<\/div>\n\t\t\t\t\t<\/div>\n\t\t<\/div>\n\t\t\t\t<div class=\"elementor-column elementor-col-50 elementor-top-column elementor-element elementor-element-c52b4cc\" data-id=\"c52b4cc\" data-element_type=\"column\" data-e-type=\"column\">\n\t\t\t<div class=\"elementor-widget-wrap elementor-element-populated\">\n\t\t\t\t\t\t<div class=\"elementor-element elementor-element-c25f12d elementor-widget elementor-widget-heading\" data-id=\"c25f12d\" data-element_type=\"widget\" data-e-type=\"widget\" data-widget_type=\"heading.default\">\n\t\t\t\t<div class=\"elementor-widget-container\">\n\t\t\t\t\t<h3 class=\"elementor-heading-title elementor-size-default\">Kid Licensing es una empresa comprometida con el medio ambiente y la sostenibilidad.<\/h3>\t\t\t\t<\/div>\n\t\t\t\t<\/div>\n\t\t\t\t<div class=\"elementor-element elementor-element-cce60e6 elementor-widget elementor-widget-text-editor\" data-id=\"cce60e6\" data-element_type=\"widget\" data-e-type=\"widget\" data-widget_type=\"text-editor.default\">\n\t\t\t\t<div class=\"elementor-widget-container\">\n\t\t\t\t\t\t\t\t\t<p>Prueba de ello es que no solo cumplimos estrictamente con la normativa vigente, sino que trabajamos junto a los laboratorios internacionales m\u00e1s importantes. Adem\u00e1s, nuestra empresa cuenta con el <strong> certificado BSCI <\/strong>, que es un plus de confianza para nuestros clientes.<\/p>\n\t\t\t\t\t\t\t\t<\/div>\n\t\t\t\t<\/div>\n\t\t\t\t<section class=\"elementor-section elementor-inner-section elementor-element elementor-element-173848c elementor-section-boxed elementor-section-height-default elementor-section-height-default\" data-id=\"173848c\" data-element_type=\"section\" data-e-type=\"section\">\n\t\t\t\t\t\t<div class=\"elementor-container elementor-column-gap-default\">\n\t\t\t\t\t<div class=\"elementor-column elementor-col-50 elementor-inner-column elementor-element elementor-element-fb3730e\" data-id=\"fb3730e\" data-element_type=\"column\" data-e-type=\"column\">\n\t\t\t<div class=\"elementor-widget-wrap elementor-element-populated\">\n\t\t\t\t\t\t<div class=\"elementor-element elementor-element-9abf8d4 elementor-widget elementor-widget-image\" data-id=\"9abf8d4\" data-element_type=\"widget\" data-e-type=\"widget\" data-widget_type=\"image.default\">\n\t\t\t\t<div class=\"elementor-widget-container\">\n\t\t\t\t\t\t\t\t\t\t\t\t\t\t\t<img decoding=\"async\" width=\"275\" height=\"100\" src=\"https:\/\/gameplan.es\/wp-content\/uploads\/2021\/06\/bsci.jpeg\" class=\"attachment-medium size-medium wp-image-955\" alt=\"\" \/>\t\t\t\t\t\t\t\t\t\t\t\t\t\t\t<\/div>\n\t\t\t\t<\/div>\n\t\t\t\t\t<\/div>\n\t\t<\/div>\n\t\t\t\t<div class=\"elementor-column elementor-col-50 elementor-inner-column elementor-element elementor-element-954d84f\" data-id=\"954d84f\" data-element_type=\"column\" data-e-type=\"column\">\n\t\t\t<div class=\"elementor-widget-wrap elementor-element-populated\">\n\t\t\t\t\t\t<div class=\"elementor-element elementor-element-c715b7c elementor-widget elementor-widget-text-editor\" data-id=\"c715b7c\" data-element_type=\"widget\" data-e-type=\"widget\" data-widget_type=\"text-editor.default\">\n\t\t\t\t<div class=\"elementor-widget-container\">\n\t\t\t\t\t\t\t\t\t<p>Hacemos nuestro trabajo bajo un gran compromiso con el medio ambiente. A trav\u00e9s de nuestra colaboraci\u00f3n con <strong>Ecoembes<\/strong> reciclamos todos nuestros embalajes, a la vez que promovemos una gesti\u00f3n forestal responsable de los bosques certificando con <strong> FSC <\/strong> que todos nuestros art\u00edculos de madera no causan ning\u00fan da\u00f1o a los bosques.<\/p>\n\t\t\t\t\t\t\t\t<\/div>\n\t\t\t\t<\/div>\n\t\t\t\t\t<\/div>\n\t\t<\/div>\n\t\t\t\t\t<\/div>\n\t\t<\/section>\n\t\t\t\t<div class=\"elementor-element elementor-element-c2069bd elementor-widget elementor-widget-image\" data-id=\"c2069bd\" data-element_type=\"widget\" data-e-type=\"widget\" data-widget_type=\"image.default\">\n\t\t\t\t<div class=\"elementor-widget-container\">\n\t\t\t\t\t\t\t\t\t\t\t\t\t\t\t<img loading=\"lazy\" decoding=\"async\" width=\"300\" height=\"65\" src=\"https:\/\/gameplan.es\/wp-content\/uploads\/2021\/06\/sustentable-300x65-1.jpeg\" class=\"attachment-medium size-medium wp-image-964\" alt=\"\" \/>\t\t\t\t\t\t\t\t\t\t\t\t\t\t\t<\/div>\n\t\t\t\t<\/div>\n\t\t\t\t\t<\/div>\n\t\t<\/div>\n\t\t\t\t\t<\/div>\n\t\t<\/section>\n\t\t\t\t<section class=\"elementor-section elementor-top-section elementor-element elementor-element-286cfc14 elementor-section-full_width elementor-section-stretched elementor-section-height-default elementor-section-height-default\" data-id=\"286cfc14\" data-element_type=\"section\" data-e-type=\"section\" data-settings=\"{&quot;stretch_section&quot;:&quot;section-stretched&quot;}\">\n\t\t\t\t\t\t<div class=\"elementor-container elementor-column-gap-default\">\n\t\t\t\t\t<div class=\"elementor-column elementor-col-100 elementor-top-column elementor-element elementor-element-34bef891\" data-id=\"34bef891\" data-element_type=\"column\" data-e-type=\"column\">\n\t\t\t<div class=\"elementor-widget-wrap elementor-element-populated\">\n\t\t\t\t\t\t<div class=\"elementor-element elementor-element-73b5a6d elementor-widget elementor-widget-spacer\" data-id=\"73b5a6d\" data-element_type=\"widget\" data-e-type=\"widget\" data-widget_type=\"spacer.default\">\n\t\t\t\t<div class=\"elementor-widget-container\">\n\t\t\t\t\t\t\t<div class=\"elementor-spacer\">\n\t\t\t<div class=\"elementor-spacer-inner\"><\/div>\n\t\t<\/div>\n\t\t\t\t\t\t<\/div>\n\t\t\t\t<\/div>\n\t\t\t\t<div class=\"elementor-element elementor-element-176715b elementor-widget elementor-widget-image\" data-id=\"176715b\" data-element_type=\"widget\" data-e-type=\"widget\" data-widget_type=\"image.default\">\n\t\t\t\t<div class=\"elementor-widget-container\">\n\t\t\t\t\t\t\t\t\t\t\t\t\t\t\t<img loading=\"lazy\" decoding=\"async\" width=\"1920\" height=\"1280\" src=\"https:\/\/gameplan.es\/wp-content\/uploads\/2021\/07\/children-s-feet-with-chamomile-on-green-grass-1.jpg\" class=\"attachment-full size-full wp-image-3023\" alt=\"\" srcset=\"https:\/\/gameplan.es\/wp-content\/uploads\/2021\/07\/children-s-feet-with-chamomile-on-green-grass-1.jpg 1920w, https:\/\/gameplan.es\/wp-content\/uploads\/2021\/07\/children-s-feet-with-chamomile-on-green-grass-1-433x289.jpg 433w, https:\/\/gameplan.es\/wp-content\/uploads\/2021\/07\/children-s-feet-with-chamomile-on-green-grass-1-300x200.jpg 300w, https:\/\/gameplan.es\/wp-content\/uploads\/2021\/07\/children-s-feet-with-chamomile-on-green-grass-1-1024x683.jpg 1024w, https:\/\/gameplan.es\/wp-content\/uploads\/2021\/07\/children-s-feet-with-chamomile-on-green-grass-1-768x512.jpg 768w, https:\/\/gameplan.es\/wp-content\/uploads\/2021\/07\/children-s-feet-with-chamomile-on-green-grass-1-1536x1024.jpg 1536w\" sizes=\"(max-width: 1920px) 100vw, 1920px\" \/>\t\t\t\t\t\t\t\t\t\t\t\t\t\t\t<\/div>\n\t\t\t\t<\/div>\n\t\t\t\t\t<\/div>\n\t\t<\/div>\n\t\t\t\t\t<\/div>\n\t\t<\/section>\n\t\t\t\t<\/div>\n\t\t","protected":false},"excerpt":{"rendered":"<p>Compromiso Medio Ambiente y Sostenibilidad Kid Licensing es una empresa comprometida con el medio ambiente y la sostenibilidad. Prueba de ello es que no solo cumplimos estrictamente con la normativa vigente, sino que trabajamos junto a los laboratorios internacionales m\u00e1s importantes. Adem\u00e1s, nuestra empresa cuenta con el certificado BSCI , que es un plus de [&hellip;]<\/p>\n","protected":false},"author":1,"featured_media":0,"parent":0,"menu_order":0,"comment_status":"closed","ping_status":"closed","template":"","meta":{"ocean_post_layout":"full-width","ocean_both_sidebars_style":"","ocean_both_sidebars_content_width":0,"ocean_both_sidebars_sidebars_width":0,"ocean_sidebar":"0","ocean_second_sidebar":"0","ocean_disable_margins":"enable","ocean_add_body_class":"","ocean_shortcode_before_top_bar":"","ocean_shortcode_after_top_bar":"","ocean_shortcode_before_header":"","ocean_shortcode_after_header":"","ocean_has_shortcode":"","ocean_shortcode_after_title":"","ocean_shortcode_before_footer_widgets":"","ocean_shortcode_after_footer_widgets":"","ocean_shortcode_before_footer_bottom":"","ocean_shortcode_after_footer_bottom":"","ocean_display_top_bar":"default","ocean_display_header":"default","ocean_header_style":"","ocean_center_header_left_menu":"0","ocean_custom_header_template":"0","ocean_custom_logo":0,"ocean_custom_retina_logo":0,"ocean_custom_logo_max_width":0,"ocean_custom_logo_tablet_max_width":0,"ocean_custom_logo_mobile_max_width":0,"ocean_custom_logo_max_height":0,"ocean_custom_logo_tablet_max_height":0,"ocean_custom_logo_mobile_max_height":0,"ocean_header_custom_menu":"0","ocean_menu_typo_font_family":"0","ocean_menu_typo_font_subset":"","ocean_menu_typo_font_size":0,"ocean_menu_typo_font_size_tablet":0,"ocean_menu_typo_font_size_mobile":0,"ocean_menu_typo_font_size_unit":"px","ocean_menu_typo_font_weight":"","ocean_menu_typo_font_weight_tablet":"","ocean_menu_typo_font_weight_mobile":"","ocean_menu_typo_transform":"","ocean_menu_typo_transform_tablet":"","ocean_menu_typo_transform_mobile":"","ocean_menu_typo_line_height":0,"ocean_menu_typo_line_height_tablet":0,"ocean_menu_typo_line_height_mobile":0,"ocean_menu_typo_line_height_unit":"","ocean_menu_typo_spacing":0,"ocean_menu_typo_spacing_tablet":0,"ocean_menu_typo_spacing_mobile":0,"ocean_menu_typo_spacing_unit":"","ocean_menu_link_color":"","ocean_menu_link_color_hover":"","ocean_menu_link_color_active":"","ocean_menu_link_background":"","ocean_menu_link_hover_background":"","ocean_menu_link_active_background":"","ocean_menu_social_links_bg":"","ocean_menu_social_hover_links_bg":"","ocean_menu_social_links_color":"","ocean_menu_social_hover_links_color":"","ocean_disable_title":"default","ocean_disable_heading":"on","ocean_post_title":"","ocean_post_subheading":"","ocean_post_title_style":"","ocean_post_title_background_color":"","ocean_post_title_background":0,"ocean_post_title_bg_image_position":"","ocean_post_title_bg_image_attachment":"","ocean_post_title_bg_image_repeat":"","ocean_post_title_bg_image_size":"","ocean_post_title_height":0,"ocean_post_title_bg_overlay":0.5,"ocean_post_title_bg_overlay_color":"","ocean_disable_breadcrumbs":"default","ocean_breadcrumbs_color":"","ocean_breadcrumbs_separator_color":"","ocean_breadcrumbs_links_color":"","ocean_breadcrumbs_links_hover_color":"","ocean_display_footer_widgets":"default","ocean_display_footer_bottom":"default","ocean_custom_footer_template":"0","footnotes":""},"class_list":["post-13280","page","type-page","status-publish","hentry","entry","owp-thumbs-layout-horizontal","owp-btn-normal","owp-tabs-layout-horizontal","has-no-thumbnails","has-product-nav"],"_links":{"self":[{"href":"https:\/\/gameplan.es\/es\/wp-json\/wp\/v2\/pages\/13280","targetHints":{"allow":["GET"]}}],"collection":[{"href":"https:\/\/gameplan.es\/es\/wp-json\/wp\/v2\/pages"}],"about":[{"href":"https:\/\/gameplan.es\/es\/wp-json\/wp\/v2\/types\/page"}],"author":[{"embeddable":true,"href":"https:\/\/gameplan.es\/es\/wp-json\/wp\/v2\/users\/1"}],"replies":[{"embeddable":true,"href":"https:\/\/gameplan.es\/es\/wp-json\/wp\/v2\/comments?post=13280"}],"version-history":[{"count":8,"href":"https:\/\/gameplan.es\/es\/wp-json\/wp\/v2\/pages\/13280\/revisions"}],"predecessor-version":[{"id":33001,"href":"https:\/\/gameplan.es\/es\/wp-json\/wp\/v2\/pages\/13280\/revisions\/33001"}],"wp:attachment":[{"href":"https:\/\/gameplan.es\/es\/wp-json\/wp\/v2\/media?parent=13280"}],"curies":[{"name":"wp","href":"https:\/\/api.w.org\/{rel}","templated":true}]}}